{"id":18,"date":"2018-11-26T15:13:22","date_gmt":"2018-11-26T14:13:22","guid":{"rendered":"http:\/\/www.vysokotlakacerpadla.cz\/?page_id=18"},"modified":"2019-01-23T08:20:55","modified_gmt":"2019-01-23T07:20:55","slug":"kontakty","status":"publish","type":"page","link":"https:\/\/www.vysokotlakacerpadla.cz\/en\/kontakty\/","title":{"rendered":"Contacts"},"content":{"rendered":"<p>[et_pb_section bb_built=&#8221;1&#8243; _builder_version=&#8221;3.17.6&#8243; next_background_color=&#8221;#474747&#8243;][et_pb_row _builder_version=&#8221;3.17.6&#8243; custom_margin=&#8221;0px|||&#8221; custom_padding=&#8221;0px|||&#8221; global_module=&#8221;399&#8243;][et_pb_column type=&#8221;4_4&#8243;][et_pb_dmb_breadcrumbs global_parent=&#8221;399&#8243; _builder_version=&#8221;3.17.6&#8243; body_font_size_tablet=&#8221;51&#8243; body_line_height_tablet=&#8221;2&#8243; separator_font_size_tablet=&#8221;51&#8243; separator_line_height_tablet=&#8221;2&#8243; link_font_size_tablet=&#8221;51&#8243; link_line_height_tablet=&#8221;2&#8243; linkhover_font_size_tablet=&#8221;51&#8243; linkhover_line_height_tablet=&#8221;2&#8243; custom_margin=&#8221;0px|||&#8221; custom_padding=&#8221;0px|||&#8221; \/][et_pb_post_title global_parent=&#8221;399&#8243; _builder_version=&#8221;3.17.6&#8243; meta=&#8221;off&#8221; featured_image=&#8221;off&#8221; \/][\/et_pb_column][\/et_pb_row][et_pb_row][et_pb_column type=&#8221;1_5&#8243;][et_pb_blurb admin_label=&#8221;adresa&#8221; _builder_version=&#8221;3.17.6&#8243; use_icon=&#8221;on&#8221; font_icon=&#8221;%%249%%&#8221; \/][et_pb_text _builder_version=&#8221;3.17.6&#8243;]<\/p>\n<p style=\"text-align: center\"><strong>STEMAN Sensors s.r.o.<\/strong><br \/><strong>Hradn\u00ed 27\/37<\/strong><br \/><strong>710 00 Ostrava 10<\/strong><\/p>\n<p>[\/et_pb_text][\/et_pb_column][et_pb_column type=&#8221;1_5&#8243;][et_pb_blurb admin_label=&#8221;osoba&#8221; _builder_version=&#8221;3.17.6&#8243; use_icon=&#8221;on&#8221; font_icon=&#8221;%%258%%&#8221; \/][et_pb_text _builder_version=&#8221;3.17.6&#8243;]<\/p>\n<p style=\"text-align: center\"><strong>ing. Martin \u0160tefek<\/strong><br \/><strong>Managing Director<\/strong><\/p>\n<p>[\/et_pb_text][\/et_pb_column][et_pb_column type=&#8221;1_5&#8243;][et_pb_blurb admin_label=&#8221;i\u010d&#8221; _builder_version=&#8221;3.17.6&#8243; use_icon=&#8221;on&#8221; font_icon=&#8221;%%243%%&#8221; \/][et_pb_text _builder_version=&#8221;3.17.6&#8243;]<\/p>\n<p style=\"text-align: center\"><strong>I\u010cO:\u00a003674690<\/strong><br \/><strong>DI\u010c:\u00a0CZ03674690<\/strong><\/p>\n<p>[\/et_pb_text][\/et_pb_column][et_pb_column type=&#8221;1_5&#8243;][et_pb_blurb admin_label=&#8221;tel&#8221; _builder_version=&#8221;3.17.6&#8243; use_icon=&#8221;on&#8221; font_icon=&#8221;%%264%%&#8221; \/][et_pb_text _builder_version=&#8221;3.17.6&#8243;]<\/p>\n<p style=\"text-align: center\"><strong>+420 596 220 199<\/strong><br \/><strong>+420 702 165 774<\/strong><\/p>\n<p>[\/et_pb_text][\/et_pb_column][et_pb_column type=&#8221;1_5&#8243;][et_pb_blurb admin_label=&#8221;email&#8221; _builder_version=&#8221;3.17.6&#8243; use_icon=&#8221;on&#8221; font_icon=&#8221;%%238%%&#8221; \/][et_pb_text _builder_version=&#8221;3.17.6&#8243;]<\/p>\n<p style=\"text-align: center\"><a href=\"mailto:steman@steman.cz\"><strong>steman@steman.cz<\/strong><\/a><\/p>\n<p>[\/et_pb_text][\/et_pb_column][\/et_pb_row][et_pb_row][et_pb_column type=&#8221;4_4&#8243;][et_pb_text _builder_version=&#8221;3.19.3&#8243;]<\/p>\n<p><iframe loading=\"lazy\" style=\"border: 0;\" src=\"https:\/\/www.google.com\/maps\/embed?pb=!1m14!1m8!1m3!1d14557.274062545033!2d18.292765073164944!3d49.83518924377032!3m2!1i1024!2i768!4f13.1!3m3!1m2!1s0x4713fccc7a0f2639%3A0x70929589f5423536!2sHradn%C3%AD+27%2F37%2C+710+00+Slezsk%C3%A1+Ostrava!5e0!3m2!1scs!2scz!4v1545642465308\" width=\"1080\" height=\"400\" frameborder=\"0\" allowfullscreen=\"allowfullscreen\"><\/iframe><\/p>\n<p>[\/et_pb_text][\/et_pb_column][\/et_pb_row][et_pb_row][et_pb_column type=&#8221;4_4&#8243;][et_pb_contact_form _builder_version=&#8221;3.19.3&#8243; title=&#8221;Quick contact form&#8221; success_message=&#8221;Message sent&#8221; submit_button_text=&#8221;Send&#8221; email=&#8221;steman@steman.cz&#8221; custom_message=&#8221;Zpr\u00e1va z formul\u00e1\u0159e v kontaktech webu vysokotlakacerpadla.cz\/en||et_pb_line_break_holder||&#8212;&#8212;&#8212;&#8212;&#8212;&#8211;||et_pb_line_break_holder||Zpr\u00e1va od: %%name%%||et_pb_line_break_holder||Email: %%email%%||et_pb_line_break_holder||Text zpr\u00e1vy:||et_pb_line_break_holder||&#8212;&#8212;&#8212;&#8212;&#8212;&#8211;||et_pb_line_break_holder||%%message%%&#8221;][et_pb_contact_field field_title=&#8221;Name&#8221; field_type=&#8221;input&#8221; field_id=&#8221;Name&#8221; required_mark=&#8221;on&#8221; fullwidth_field=&#8221;off&#8221; _builder_version=&#8221;3.17.6&#8243; checkbox_checked=&#8221;off&#8221; checkbox_options=&#8221;%91{%22value%22:%22Jm\u00e9no%22,%22checked%22:0}%93&#8243; radio_options=&#8221;%91{%22value%22:%22Jm\u00e9no%22,%22checked%22:0}%93&#8243; select_options=&#8221;%91{%22value%22:%22Jm\u00e9no%22,%22checked%22:0}%93&#8243; min_length=&#8221;0&#8243; max_length=&#8221;0&#8243; allowed_symbols=&#8221;all&#8221; conditional_logic=&#8221;off&#8221; conditional_logic_relation=&#8221;off&#8221; conditional_logic_rules=&#8221;%91{%22field%22:%22email%22,%22condition%22:%22is%22,%22value%22:%22%22}%93&#8243; link_option_url_new_window=&#8221;off&#8221; use_background_color_gradient=&#8221;off&#8221; background_color_gradient_start=&#8221;#2b87da&#8221; background_color_gradient_end=&#8221;#29c4a9&#8243; background_color_gradient_type=&#8221;linear&#8221; background_color_gradient_direction=&#8221;180deg&#8221; background_color_gradient_direction_radial=&#8221;center&#8221; background_color_gradient_start_position=&#8221;0%&#8221; background_color_gradient_end_position=&#8221;100%&#8221; background_color_gradient_overlays_image=&#8221;off&#8221; parallax=&#8221;off&#8221; parallax_method=&#8221;on&#8221; background_size=&#8221;cover&#8221; background_position=&#8221;center&#8221; background_repeat=&#8221;no-repeat&#8221; background_blend=&#8221;normal&#8221; allow_player_pause=&#8221;off&#8221; background_video_pause_outside_viewport=&#8221;on&#8221; form_field_text_shadow_style=&#8221;none&#8221; box_shadow_style=&#8221;none&#8221; hover_transition_duration=&#8221;300ms&#8221; hover_transition_delay=&#8221;0ms&#8221; hover_transition_speed_curve=&#8221;ease&#8221; \/][et_pb_contact_field field_title=&#8221;Email address&#8221; field_type=&#8221;email&#8221; field_id=&#8221;Email&#8221; required_mark=&#8221;on&#8221; fullwidth_field=&#8221;off&#8221; _builder_version=&#8221;3.17.6&#8243; checkbox_checked=&#8221;off&#8221; checkbox_options=&#8221;%91{%22value%22:%22E-mailov\u00e1 adresa%22,%22checked%22:0}%93&#8243; radio_options=&#8221;%91{%22value%22:%22E-mailov\u00e1 adresa%22,%22checked%22:0}%93&#8243; select_options=&#8221;%91{%22value%22:%22E-mailov\u00e1 adresa%22,%22checked%22:0}%93&#8243; min_length=&#8221;0&#8243; max_length=&#8221;0&#8243; allowed_symbols=&#8221;all&#8221; conditional_logic=&#8221;off&#8221; conditional_logic_relation=&#8221;off&#8221; conditional_logic_rules=&#8221;%91{%22field%22:%22name%22,%22condition%22:%22is%22,%22value%22:%22%22}%93&#8243; link_option_url_new_window=&#8221;off&#8221; use_background_color_gradient=&#8221;off&#8221; background_color_gradient_start=&#8221;#2b87da&#8221; background_color_gradient_end=&#8221;#29c4a9&#8243; background_color_gradient_type=&#8221;linear&#8221; background_color_gradient_direction=&#8221;180deg&#8221; background_color_gradient_direction_radial=&#8221;center&#8221; background_color_gradient_start_position=&#8221;0%&#8221; background_color_gradient_end_position=&#8221;100%&#8221; background_color_gradient_overlays_image=&#8221;off&#8221; parallax=&#8221;off&#8221; parallax_method=&#8221;on&#8221; background_size=&#8221;cover&#8221; background_position=&#8221;center&#8221; background_repeat=&#8221;no-repeat&#8221; background_blend=&#8221;normal&#8221; allow_player_pause=&#8221;off&#8221; background_video_pause_outside_viewport=&#8221;on&#8221; form_field_text_shadow_style=&#8221;none&#8221; box_shadow_style=&#8221;none&#8221; hover_transition_duration=&#8221;300ms&#8221; hover_transition_delay=&#8221;0ms&#8221; hover_transition_speed_curve=&#8221;ease&#8221; form_field_text_shadow_horizontal_length=&#8221;0em&#8221; form_field_text_shadow_vertical_length=&#8221;0em&#8221; form_field_text_shadow_blur_strength=&#8221;0em&#8221; \/][et_pb_contact_field field_title=&#8221;Message&#8221; field_type=&#8221;text&#8221; field_id=&#8221;Message&#8221; required_mark=&#8221;on&#8221; fullwidth_field=&#8221;on&#8221; _builder_version=&#8221;3.17.6&#8243; checkbox_checked=&#8221;off&#8221; checkbox_options=&#8221;%91{%22value%22:%22Zpr\u00e1va%22,%22checked%22:0}%93&#8243; radio_options=&#8221;%91{%22value%22:%22Zpr\u00e1va%22,%22checked%22:0}%93&#8243; select_options=&#8221;%91{%22value%22:%22Zpr\u00e1va%22,%22checked%22:0}%93&#8243; min_length=&#8221;0&#8243; max_length=&#8221;0&#8243; allowed_symbols=&#8221;all&#8221; conditional_logic=&#8221;off&#8221; conditional_logic_relation=&#8221;off&#8221; conditional_logic_rules=&#8221;%91{%22field%22:%22name%22,%22condition%22:%22is%22,%22value%22:%22%22}%93&#8243; link_option_url_new_window=&#8221;off&#8221; use_background_color_gradient=&#8221;off&#8221; background_color_gradient_start=&#8221;#2b87da&#8221; background_color_gradient_end=&#8221;#29c4a9&#8243; background_color_gradient_type=&#8221;linear&#8221; background_color_gradient_direction=&#8221;180deg&#8221; background_color_gradient_direction_radial=&#8221;center&#8221; background_color_gradient_start_position=&#8221;0%&#8221; background_color_gradient_end_position=&#8221;100%&#8221; background_color_gradient_overlays_image=&#8221;off&#8221; parallax=&#8221;off&#8221; parallax_method=&#8221;on&#8221; background_size=&#8221;cover&#8221; background_position=&#8221;center&#8221; background_repeat=&#8221;no-repeat&#8221; background_blend=&#8221;normal&#8221; allow_player_pause=&#8221;off&#8221; background_video_pause_outside_viewport=&#8221;on&#8221; form_field_text_shadow_style=&#8221;none&#8221; box_shadow_style=&#8221;none&#8221; hover_transition_duration=&#8221;300ms&#8221; hover_transition_delay=&#8221;0ms&#8221; hover_transition_speed_curve=&#8221;ease&#8221; \/][\/et_pb_contact_form][\/et_pb_column][\/et_pb_row][et_pb_row _builder_version=&#8221;3.17.6&#8243;][et_pb_column type=&#8221;4_4&#8243;][et_pb_image _builder_version=&#8221;3.17.6&#8243; src=&#8221;http:\/\/www.vysokotlakacerpadla.cz\/wp-content\/uploads\/2018\/12\/kontakt-banner2-1.jpg&#8221; \/][\/et_pb_column][\/et_pb_row][\/et_pb_section][et_pb_section bb_built=&#8221;1&#8243; specialty=&#8221;off&#8221; _builder_version=&#8221;3.17.6&#8243; background_color=&#8221;#474747&#8243; background_size=&#8221;contain&#8221; custom_margin=&#8221;0px||0px|&#8221; custom_padding=&#8221;0px||0px|&#8221; prev_background_color=&#8221;#ffffff&#8221; global_module=&#8221;86&#8243;][et_pb_row global_parent=&#8221;86&#8243; _builder_version=&#8221;3.17.6&#8243; background_image=&#8221;http:\/\/www.vysokotlakacerpadla.cz\/en\/wp-content\/uploads\/sites\/3\/2019\/01\/paticka3.jpg&#8221; custom_margin=&#8221;0px||0px|&#8221; custom_padding=&#8221;100px||100px|&#8221; module_alignment=&#8221;center&#8221; background_size=&#8221;contain&#8221;][et_pb_column type=&#8221;1_3&#8243;][et_pb_text global_parent=&#8221;86&#8243; _builder_version=&#8221;3.17.6&#8243; text_text_color=&#8221;#8c8c8c&#8221;]<\/p>\n<p>STEMAN Sensors s.r.o.<\/p>\n<p>Hradn\u00ed 27\/37<br \/>710 00 Ostrava 10<br \/>I\u010cO: 03674690<br \/>DI\u010c: CZ03674690<\/p>\n<p>[\/et_pb_text][\/et_pb_column][et_pb_column type=&#8221;1_3&#8243;][et_pb_text global_parent=&#8221;86&#8243; _builder_version=&#8221;3.17.6&#8243; text_text_color=&#8221;#8c8c8c&#8221;]<\/p>\n<p><strong>Telefon:<\/strong><br \/>+420 596 220 199<br \/>+420 702 165 774<\/p>\n<p><strong>Email:<\/strong><br \/>steman@steman.cz<\/p>\n<p>[\/et_pb_text][\/et_pb_column][et_pb_column type=&#8221;1_3&#8243;][et_pb_image global_parent=&#8221;86&#8243; _builder_version=&#8221;3.19.3&#8243; src=&#8221;http:\/\/www.vysokotlakacerpadla.cz\/en\/wp-content\/uploads\/sites\/3\/2018\/12\/steman-logo-sede2.png&#8221; align=&#8221;right&#8221; always_center_on_mobile=&#8221;off&#8221; \/][\/et_pb_column][\/et_pb_row][\/et_pb_section]<\/p>\n","protected":false},"excerpt":{"rendered":"<p><div class=\"et_pb_row et_pb_row_0 et_pb_row_empty\">\n\t\t\t\t\n\t\t\t\t\n\t\t\t\t\n\t\t\t\t\n\t\t\t\t\n\t\t\t<\/div> STEMAN Sensors s.r.o.Hradn\u00ed 27\/37710 00 Ostrava 10 ing. Martin \u0160tefekManaging Director I\u010cO:\u00a003674690DI\u010c:\u00a0CZ03674690 +420 596 220 199+420 702 165 774 steman@steman.cz <div class=\"et_pb_row et_pb_row_1 et_pb_row_empty\">\n\t\t\t\t\n\t\t\t\t\n\t\t\t\t\n\t\t\t\t\n\t\t\t\t\n\t\t\t<\/div> <div class=\"et_pb_row et_pb_row_2 et_pb_row_empty\">\n\t\t\t\t\n\t\t\t\t\n\t\t\t\t\n\t\t\t\t\n\t\t\t\t\n\t\t\t<\/div> STEMAN Sensors s.r.o. Hradn\u00ed 27\/37710 00 Ostrava 10I\u010cO: 03674690DI\u010c: CZ03674690 Telefon:+420 596 220 199+420 702 165 774 Email:steman@steman.cz<\/p>\n","protected":false},"author":1,"featured_media":0,"parent":0,"menu_order":0,"comment_status":"closed","ping_status":"closed","template":"","meta":{"_et_pb_use_builder":"on","_et_pb_old_content":"","_et_gb_content_width":"","_exactmetrics_skip_tracking":false,"_exactmetrics_sitenote_active":false,"_exactmetrics_sitenote_note":"","_exactmetrics_sitenote_category":0,"footnotes":""},"_links":{"self":[{"href":"https:\/\/www.vysokotlakacerpadla.cz\/en\/wp-json\/wp\/v2\/pages\/18"}],"collection":[{"href":"https:\/\/www.vysokotlakacerpadla.cz\/en\/wp-json\/wp\/v2\/pages"}],"about":[{"href":"https:\/\/www.vysokotlakacerpadla.cz\/en\/wp-json\/wp\/v2\/types\/page"}],"author":[{"embeddable":true,"href":"https:\/\/www.vysokotlakacerpadla.cz\/en\/wp-json\/wp\/v2\/users\/1"}],"replies":[{"embeddable":true,"href":"https:\/\/www.vysokotlakacerpadla.cz\/en\/wp-json\/wp\/v2\/comments?post=18"}],"version-history":[{"count":5,"href":"https:\/\/www.vysokotlakacerpadla.cz\/en\/wp-json\/wp\/v2\/pages\/18\/revisions"}],"predecessor-version":[{"id":599,"href":"https:\/\/www.vysokotlakacerpadla.cz\/en\/wp-json\/wp\/v2\/pages\/18\/revisions\/599"}],"wp:attachment":[{"href":"https:\/\/www.vysokotlakacerpadla.cz\/en\/wp-json\/wp\/v2\/media?parent=18"}],"curies":[{"name":"wp","href":"https:\/\/api.w.org\/{rel}","templated":true}]}}